{"id":6575,"date":"2019-09-24T09:24:09","date_gmt":"2019-09-24T07:24:09","guid":{"rendered":"https:\/\/ghkdomo.estethik.media\/clean-rooms-surgeries\/praxis-thresen\/"},"modified":"2020-03-10T16:07:45","modified_gmt":"2020-03-10T15:07:45","slug":"counter","status":"publish","type":"page","link":"https:\/\/www.ghk-domo.de\/en\/clean-rooms-surgeries\/counter\/","title":{"rendered":"Counter"},"content":{"rendered":"<div class=\"wpb-content-wrapper\"><p>[vc_row full_width=&#8221;stretch_row&#8221; content_placement=&#8221;middle&#8221; css=&#8221;.vc_custom_1579096300692{background-image: url(https:\/\/www.ghk-domo.de\/wp-content\/uploads\/2020\/01\/concrete_pattern.png?id=7275) !important;background-position: 0 0 !important;background-repeat: repeat !important;}&#8221;][vc_column offset=&#8221;vc_col-xs-12&#8243;]<div class=\"cz_gap clr \" style=\"height: 100px\"><\/div><div id=\"cz_46167\" class=\"cz_46167 cz_title clr cz_title_pos_inline tac\"><div class=\"cz_title_content\"><div class=\"cz_wpe_content\"><h1 style=\"text-align: center;\"><span style=\"color: #ff0000;\">Counter<\/span><\/h1>\n<\/div><\/div><\/div><div class=\"cz_gap clr \" style=\"height: 100px\"><\/div>[\/vc_column][\/vc_row][vc_row full_width=&#8221;stretch_row&#8221; css=&#8221;.vc_custom_1576165213890{border-top-width: 4px !important;padding-top: 90px !important;padding-bottom: 90px !important;background-color: #efefef !important;border-top-color: #555555 !important;border-top-style: solid !important;}&#8221; el_id=&#8221;tresen&#8221;][vc_column width=&#8221;1\/2&#8243;]<div id=\"cz_47913\" class=\"cz_47913 cz_title clr cz_title_pos_left\"><div class=\"cz_title_content\"><div class=\"cz_wpe_content\"><h3 style=\"text-align: left;\"><span style=\"color: #ff0000;\">The <strong>System<br \/>\n<\/strong><\/span><\/h3>\n<p>&nbsp;<\/p>\n<p>First impressions count. Whenever customers or patients enter your premises, the counter is their first destination. Therefore, the counter is one of the most important pieces of furniture in your surgery\/clinic, because customers associate the quality of your services with it.<\/p>\n<p>&nbsp;<\/p>\n<p>With our high-quality individual counters we create a positive first impression for you. Modern, elegant and individual \u2013 apart from the aesthetic demands we also meet all your requirements of functionality. We look forward to preparing a non-binding offer for you, free of charge.<\/p>\n<p>&nbsp;<\/p>\n<p>Mit unseren hochwertigen und individuellen Tresenl\u00f6sungen verschaffen wir Ihnen einen positiven ersten Eindruck. Modern, elegant und individuell; neben dem \u00e4sthetischen Anspruch erf\u00fcllen wir nat\u00fcrlich auch alle W\u00fcnsche an die Funktionalit\u00e4t. Gerne erstellen wir Ihnen ein\u00a0unverbindliches und kostenloses Angebot.<\/p>\n<\/div><\/div><\/div><div class=\"cz_gap clr \" style=\"height: 40px\"><\/div>[\/vc_column][vc_column width=&#8221;1\/2&#8243;]<div id=\"cz_60125\" class=\"cz_grid_p cz_60125\"><div class=\"cz_grid cz_grid_1 clr cz_grid_c2 cz_grid_1_no_title cz_grid_1_mid tac cz_grid_1_no_title hide_on_tablet hide_on_mobile show_on_desktop\"><div class=\"cz_grid_item cz_grid_first\"><\/div><div class=\"cz_grid_item \"><div data-title=\"counter\"><a class=\"cz_grid_link \" href=\"https:\/\/www.ghk-domo.de\/wp-content\/uploads\/2019\/12\/ghk-domo-tresen3.jpg\" data-xtra-lightbox><img decoding=\"async\" class=\"\" src=\"https:\/\/www.ghk-domo.de\/wp-content\/uploads\/2019\/12\/ghk-domo-tresen3-200x200.jpg\" width=\"200\" height=\"200\" alt=\"counter\" title=\"counter\" \/><div class=\"cz_grid_details\"><i class=\"fa fa-search cz_grid_icon\"><\/i><\/div><\/a><\/div><\/div><div class=\"cz_grid_item \"><div data-title=\"counter\"><a class=\"cz_grid_link \" href=\"https:\/\/www.ghk-domo.de\/wp-content\/uploads\/2019\/12\/ghk-domo-tresen4.jpg\" data-xtra-lightbox><img decoding=\"async\" class=\"\" src=\"https:\/\/www.ghk-domo.de\/wp-content\/uploads\/2019\/12\/ghk-domo-tresen4-200x200.jpg\" width=\"200\" height=\"200\" alt=\"counter\" title=\"counter\" \/><div class=\"cz_grid_details\"><i class=\"fa fa-search cz_grid_icon\"><\/i><\/div><\/a><\/div><\/div><div class=\"cz_grid_item \"><div data-title=\"counter\"><a class=\"cz_grid_link \" href=\"https:\/\/www.ghk-domo.de\/wp-content\/uploads\/2019\/12\/ghk-domo-tresen1.jpg\" data-xtra-lightbox><img decoding=\"async\" class=\"\" src=\"https:\/\/www.ghk-domo.de\/wp-content\/uploads\/2019\/12\/ghk-domo-tresen1-200x200.jpg\" width=\"200\" height=\"200\" alt=\"Zahnarztpraxis G\u00d6\" title=\"counter\" \/><div class=\"cz_grid_details\"><i class=\"fa fa-search cz_grid_icon\"><\/i><\/div><\/a><\/div><\/div><div class=\"cz_grid_item \"><div data-title=\"counter\"><a class=\"cz_grid_link \" href=\"https:\/\/www.ghk-domo.de\/wp-content\/uploads\/2019\/12\/ghk-domo-tresen2.jpg\" data-xtra-lightbox><img loading=\"lazy\" decoding=\"async\" class=\"\" src=\"https:\/\/www.ghk-domo.de\/wp-content\/uploads\/2019\/12\/ghk-domo-tresen2-200x200.jpg\" width=\"200\" height=\"200\" alt=\"counter\" title=\"counter\" \/><div class=\"cz_grid_details\"><i class=\"fa fa-search cz_grid_icon\"><\/i><\/div><\/a><\/div><\/div><\/div><\/div><div id=\"cz6408\" class=\"cz6408 slick arrows_mlr no_dots arrows_inner\" data-slick='{\"selector\":\"\",\"slidesToShow\":4,\"slidesToScroll\":1,\"rows\":1,\"fade\":false,\"vertical\":false,\"verticalSwiping\":false,\"infinite\":false,\"speed\":1000,\"swipeToSlide\":true,\"centerMode\":false,\"centerPadding\":\"\",\"variableWidth\":false,\"autoplay\":false,\"autoplaySpeed\":4000,\"dots\":true,\"counts\":false,\"responsive\":[{\"breakpoint\":769,\"settings\":{\"slidesToShow\":2,\"slidesToScroll\":1,\"infinite\":true,\"touchMove\":true}},{\"breakpoint\":481,\"settings\":{\"slidesToShow\":1,\"slidesToScroll\":1,\"infinite\":true,\"touchMove\":true}}]}' data-slick-prev=\"fa fa-chevron-left\" data-slick-next=\"fa fa-chevron-right\"><div id=\"cz_87933\" class=\"cz_grid_p cz_87933\"><div class=\"cz_grid cz_grid_1 clr cz_grid_carousel cz_grid_1_no_title cz_grid_1_mid tac cz_grid_1_no_title hide_on_desktop\"><div class=\"cz_grid_item cz_grid_first\"><\/div><div class=\"cz_grid_item \"><div data-title=\"Tresen\"><a class=\"cz_grid_link \" href=\"https:\/\/www.ghk-domo.de\/wp-content\/uploads\/2019\/12\/ghk-domo-tresen3.jpg\" data-xtra-lightbox><img decoding=\"async\" class=\"\" src=\"https:\/\/www.ghk-domo.de\/wp-content\/uploads\/2019\/12\/ghk-domo-tresen3-200x200.jpg\" width=\"200\" height=\"200\" alt=\"counter\" title=\"counter\" \/><div class=\"cz_grid_details\"><i class=\"fa fa-search cz_grid_icon\"><\/i><\/div><\/a><\/div><\/div><div class=\"cz_grid_item \"><div data-title=\"Tresen\"><a class=\"cz_grid_link \" href=\"https:\/\/www.ghk-domo.de\/wp-content\/uploads\/2019\/12\/ghk-domo-tresen4.jpg\" data-xtra-lightbox><img decoding=\"async\" class=\"\" src=\"https:\/\/www.ghk-domo.de\/wp-content\/uploads\/2019\/12\/ghk-domo-tresen4-200x200.jpg\" width=\"200\" height=\"200\" alt=\"counter\" title=\"counter\" \/><div class=\"cz_grid_details\"><i class=\"fa fa-search cz_grid_icon\"><\/i><\/div><\/a><\/div><\/div><div class=\"cz_grid_item \"><div data-title=\"Tresen\"><a class=\"cz_grid_link \" href=\"https:\/\/www.ghk-domo.de\/wp-content\/uploads\/2019\/12\/ghk-domo-tresen1.jpg\" data-xtra-lightbox><img decoding=\"async\" class=\"\" src=\"https:\/\/www.ghk-domo.de\/wp-content\/uploads\/2019\/12\/ghk-domo-tresen1-200x200.jpg\" width=\"200\" height=\"200\" alt=\"Zahnarztpraxis G\u00d6\" title=\"counter\" \/><div class=\"cz_grid_details\"><i class=\"fa fa-search cz_grid_icon\"><\/i><\/div><\/a><\/div><\/div><div class=\"cz_grid_item \"><div data-title=\"Tresen\"><a class=\"cz_grid_link \" href=\"https:\/\/www.ghk-domo.de\/wp-content\/uploads\/2019\/12\/ghk-domo-tresen2.jpg\" data-xtra-lightbox><img loading=\"lazy\" decoding=\"async\" class=\"\" src=\"https:\/\/www.ghk-domo.de\/wp-content\/uploads\/2019\/12\/ghk-domo-tresen2-200x200.jpg\" width=\"200\" height=\"200\" alt=\"counter\" title=\"counter\" \/><div class=\"cz_grid_details\"><i class=\"fa fa-search cz_grid_icon\"><\/i><\/div><\/a><\/div><\/div><\/div><\/div><\/div><div data-cz-style='#cz6408 .slick-prev{color:#ffffff;background-color:#ff0000}#cz6408 .slick-next{color:#ffffff;background-color:#ff0000}#cz6408 .slick-list{margin: 0 -5px;clip-path:inset(0 calc(5px - 1px))}#cz6408 .slick-slide{margin: 0 5px}'><\/div>[\/vc_column][\/vc_row][vc_row full_width=&#8221;stretch_row&#8221; css=&#8221;.vc_custom_1566981762640{padding-top: 40px !important;padding-bottom: 40px !important;}&#8221;][vc_column]<div class=\"cz_gap clr \" style=\"height: 100px\"><\/div><div class=\"cz_eqh cz_content_box_parent_fx  \"><div id=\"cz_66209\" class=\"cz_66209 cz_content_box clr\"><div class=\"cz_box_front clr\"><div class=\"cz_box_front_inner clr \"><span><\/span><div>[vc_row_inner content_placement=&#8221;middle&#8221;][vc_column_inner offset=&#8221;vc_col-md-8&#8243;]<div id=\"cz_92734\" class=\"cz_92734 cz_title clr cz_mobile_text_center cz_title_has_icon cz_title_pos_inline hide_on_tablet hide_on_mobile show_on_desktop\"><div class=\"cz_title_content\"><i class=\"cz_title_icon_before fa czico-122-phone-call\"><\/i><div class=\"cz_wpe_content\"><h3><span style=\"margin-bottom: 10px; display: inline-block; color: #555555;\">Individual advice desired?<\/span><\/h3>\n<div style=\"line-height: 1.6;\"><span style=\"color: #555555; font-size: 20px;\">Simply arrange a consultation appointment with our sales experts or call us during business hours at +49 5382 95 50 0. We look forward to hearing from you!<\/span><\/div>\n<\/div><\/div><\/div><div id=\"cz_88167\" class=\"cz_88167 cz_title clr cz_mobile_text_center cz_title_has_icon cz_title_pos_inline hide_on_desktop\"><div class=\"cz_title_content\"><i class=\"cz_title_icon_before fa czico-122-phone-call\"><\/i><div class=\"cz_wpe_content\"><h3><span style=\"margin-bottom: 10px; display: inline-block; color: #555555;\">Individual advice desired?<\/span><\/h3>\n<div style=\"line-height: 1.6;\"><span style=\"color: #555555; font-size: 15px;\">Simply arrange a consultation appointment with our sales experts or call us during business hours at <a href=\"tel:+49538295500\">+49 5382 95 50 0<\/a>. We look forward to hearing from you!<\/span><\/div>\n<\/div><\/div><\/div>[\/vc_column_inner][vc_column_inner offset=&#8221;vc_col-md-4 vc_col-xs-12&#8243;]<div class=\"cz_gap clr  hide_on_tablet hide_on_mobile\" style=\"height: 0px\"><\/div><div class=\"cz_gap show_on_tablet clr \" style=\"height: 50px\"><\/div><div class=\"cz_btn_right cz_mobile_btn_center\"><div class=\"cz_81911_p\"><a id=\"cz_81911\" class=\"cz_81911 cz_btn cz_btn_txt_fade cz_btn_no_fx cz_btn_icon_after\" href=\"\/en\/contact\" title=\"Contact\" role=\"button\" tabindex=\"0\" aria-label=\"Contact\"><span><strong>Book a call<\/strong><i class=\"fa fa-angle-right\"><\/i><\/span><b class=\"cz_btn_onhover\"><strong>Book a call<\/strong><i class=\"fa fa-angle-right\"><\/i><\/b><\/a><\/div><\/div><div class=\"clr\"><\/div>[\/vc_column_inner][\/vc_row_inner]<\/div><\/div><\/div><\/div><\/div><div class=\"cz_gap clr \" style=\"height: 100px\"><\/div>[\/vc_column][\/vc_row]<\/p>\n<\/div>","protected":false},"excerpt":{"rendered":"<p>[vc_row full_width=&#8221;stretch_row&#8221; css=&#8221;.vc_custom_1576165213890{border-top-width: 4px !important;padding-top: 90px !important;padding-bottom: 90px !important;background-color: &#8230; <\/p>\n","protected":false},"author":1,"featured_media":0,"parent":6525,"menu_order":10,"comment_status":"closed","ping_status":"closed","template":"","meta":{"_seopress_robots_primary_cat":"","_seopress_titles_title":"Counter - GHK DOMO GmbH","_seopress_titles_desc":"High quality and individual counter solutions. Modern, elegant and individual; in addition to the aesthetic demands, we naturally also fulfil all wishes regarding functionality.","_seopress_robots_index":"","_monsterinsights_skip_tracking":false,"_monsterinsights_sitenote_active":false,"_monsterinsights_sitenote_note":"","_monsterinsights_sitenote_category":0,"footnotes":""},"class_list":["post-6575","page","type-page","status-publish","hentry"],"_links":{"self":[{"href":"https:\/\/www.ghk-domo.de\/en\/wp-json\/wp\/v2\/pages\/6575","targetHints":{"allow":["GET"]}}],"collection":[{"href":"https:\/\/www.ghk-domo.de\/en\/wp-json\/wp\/v2\/pages"}],"about":[{"href":"https:\/\/www.ghk-domo.de\/en\/wp-json\/wp\/v2\/types\/page"}],"author":[{"embeddable":true,"href":"https:\/\/www.ghk-domo.de\/en\/wp-json\/wp\/v2\/users\/1"}],"replies":[{"embeddable":true,"href":"https:\/\/www.ghk-domo.de\/en\/wp-json\/wp\/v2\/comments?post=6575"}],"version-history":[{"count":0,"href":"https:\/\/www.ghk-domo.de\/en\/wp-json\/wp\/v2\/pages\/6575\/revisions"}],"up":[{"embeddable":true,"href":"https:\/\/www.ghk-domo.de\/en\/wp-json\/wp\/v2\/pages\/6525"}],"wp:attachment":[{"href":"https:\/\/www.ghk-domo.de\/en\/wp-json\/wp\/v2\/media?parent=6575"}],"curies":[{"name":"wp","href":"https:\/\/api.w.org\/{rel}","templated":true}]}}